{"id":4460,"date":"2023-02-11T17:04:00","date_gmt":"2023-02-11T09:04:00","guid":{"rendered":"https:\/\/www.apololaser.com\/?post_type=product&#038;p=4460"},"modified":"2024-03-07T16:42:51","modified_gmt":"2024-03-07T08:42:51","slug":"hs-910-1","status":"publish","type":"product","link":"https:\/\/www.apololaser.com\/index.php\/product\/hs-910-1\/","title":{"rendered":"HS-910"},"content":{"rendered":"<p><strong><b>APPLICATION OF Multi function platform laser device HS-910<\/b><\/strong><\/p>\n<p>It is perform all your need for skin &amp; hair treatment. The multi-application platform can distinguish 8 different type of handpiece functions automatically.<\/p>\n<p>&nbsp;<\/p>\n<p><strong><b>PRINCIPLE OF Multi function platform laser device HS-910<\/b><\/strong><\/p>\n<p>The HS-900 is a new platform treatment system with 8&#8221; display screen can be adapted 8 technologies treatment handles for various conditions. These 8 technologies adapted IPL \/ EPL\/ RF Bi-polar \/ RF mono-polar \/ 1064+532nm Q-Switch \/ 1064nm Long\u00a0Pulse \/ 1540nm Er.Glass \/ 2940nm Er. YAG.<\/p>\n<p><img fetchpriority=\"high\" decoding=\"async\" class=\"alignnone size-full wp-image-4466\" src=\"http:\/\/www.apololaser.com\/wp-content\/uploads\/2023\/02\/HS-910_6.jpg\"  width=\"800\" height=\"800\" srcset=\"https:\/\/www.apololaser.com\/wp-content\/uploads\/2023\/02\/HS-910_6.jpg 800w, https:\/\/www.apololaser.com\/wp-content\/uploads\/2023\/02\/HS-910_6-300x300.jpg 300w, https:\/\/www.apololaser.com\/wp-content\/uploads\/2023\/02\/HS-910_6-150x150.jpg 150w, https:\/\/www.apololaser.com\/wp-content\/uploads\/2023\/02\/HS-910_6-768x768.jpg 768w, https:\/\/www.apololaser.com\/wp-content\/uploads\/2023\/02\/HS-910_6-600x600.jpg 600w, https:\/\/www.apololaser.com\/wp-content\/uploads\/2023\/02\/HS-910_6-100x100.jpg 100w\" sizes=\"(max-width: 800px) 100vw, 800px\" title=\"HS-910\u63d2\u56fe\" alt=\"HS-910\u63d2\u56fe\" \/><\/p>\n<p><strong><b>Advantage of Multi function platform laser device HS-910<\/b><\/strong><\/p>\n<ul>\n<li>8-in-1 Platform with different technologies in one single unit<\/li>\n<li>Automatic recognized interchangeable handles for use<\/li>\n<li>Can buy basic unit with only one handle first time, to buy extra seperate handle when you need<\/li>\n<li>Save your budget, but can expand your customer base without expanding the device inventory<\/li>\n<\/ul>\n<p>Medical grade 8-in-1 laser platform<\/p>\n<p>With auto-detect interchangeable handpieces<\/p>\n<p><img decoding=\"async\" class=\"alignnone size-full wp-image-4465\" src=\"http:\/\/www.apololaser.com\/wp-content\/uploads\/2023\/02\/HS-910_5.jpg\"  width=\"800\" height=\"800\" srcset=\"https:\/\/www.apololaser.com\/wp-content\/uploads\/2023\/02\/HS-910_5.jpg 800w, https:\/\/www.apololaser.com\/wp-content\/uploads\/2023\/02\/HS-910_5-300x300.jpg 300w, https:\/\/www.apololaser.com\/wp-content\/uploads\/2023\/02\/HS-910_5-150x150.jpg 150w, https:\/\/www.apololaser.com\/wp-content\/uploads\/2023\/02\/HS-910_5-768x768.jpg 768w, https:\/\/www.apololaser.com\/wp-content\/uploads\/2023\/02\/HS-910_5-600x600.jpg 600w, https:\/\/www.apololaser.com\/wp-content\/uploads\/2023\/02\/HS-910_5-100x100.jpg 100w\" sizes=\"(max-width: 800px) 100vw, 800px\" title=\"HS-910\u63d2\u56fe1\" alt=\"HS-910\u63d2\u56fe1\" \/><\/p>\n<p><strong><b>2940nm Er:Yag Fractional Ablative Laser<\/b><\/strong><\/p>\n<p>2940nm ER: YAG laser was chosen due to its high ablation efficiency. Because of high absorption in target chromophore water at the 2940nm wavelength, the skin will be quickly heated up and instantly peeled off with very little thermal energy. The treatment features a shallow exposure depth; therefore the affected part can be healed almost instantly. Apply for Skin Resurfacing, Melasma, Wrinkles and fine lines, Wart and nevus removal ..<\/p>\n<p>&nbsp;<\/p>\n<p><strong><b>IPL \/ EPL HANDPIECE<\/b><\/strong><\/p>\n<p>Superior selective filters<\/p>\n<p>BBR function Innovative in-motion way for facial &amp; whole body rejuvenation and skin toning.<\/p>\n<p>Smart pre-set treatment protocols for precise individual treatment.<\/p>\n<p>&nbsp;<\/p>\n<p><strong><b>Q-SWITCHED ND:YAG LASER HANDPIECE<\/b><\/strong><\/p>\n<p>The ideal choice for the treatment of pigmented lesions, skin soft peeling and unwanted tattoos.\u00a0The 1064nm wavelength is best indicated for blue, black and brown tattoo pigments. The 532 KTP is most effective on red, tan, purple and orange pigments. \u03a67mm beam expander tip(optional) for carbon peeling.<\/p>\n<p>&nbsp;<\/p>\n<p><strong><b>1540NM ER: GlASS FRACTOINAL LASER HANDPIECE<\/b><\/strong><\/p>\n<p>It is idea choice for skin resurfacing,surgical scar, acne scar treatment strech marks,\u00a0melasma removal, deep wrinkle removal, improve skin fine lines.<\/p>\n<p>&nbsp;<\/p>\n<p><strong><b>1064NM LONG PULSE ND:YAG LASER HANDPIECE<\/b><\/strong><\/p>\n<p>It is ideal choice for treatment for permanent hair removal for all skin types, leg veins and telangiectasia vascular lesion and wrinkle removal, is suitable for all skin types. Sapphire Cooling Treatment Lens for best comfortable feeling.<\/p>\n<p>&nbsp;<\/p>\n<p><strong><b>RF BIPOLAR\/ MONOPOLAR<\/b><\/strong><\/p>\n<p>It is good choice for sculpture, cellulite skin treatment, skin tightening make the pore contracted, deep wrinkle removal Improve the skin-metabolism.\u00a0Each handle with 3 different size 316 stainless treatment tip (\u03a618mm, \u03a628mm, \u03a637mm) for better facial &amp; body treatment.\u00a0200W output power ensure high frequency wave permeates into epidermis for excellent treatment result.<\/p>\n<p><img decoding=\"async\" class=\"alignnone size-full wp-image-4464\" src=\"http:\/\/www.apololaser.com\/wp-content\/uploads\/2023\/02\/HS-910_4.jpg\"  width=\"800\" height=\"800\" srcset=\"https:\/\/www.apololaser.com\/wp-content\/uploads\/2023\/02\/HS-910_4.jpg 800w, https:\/\/www.apololaser.com\/wp-content\/uploads\/2023\/02\/HS-910_4-300x300.jpg 300w, https:\/\/www.apololaser.com\/wp-content\/uploads\/2023\/02\/HS-910_4-150x150.jpg 150w, https:\/\/www.apololaser.com\/wp-content\/uploads\/2023\/02\/HS-910_4-768x768.jpg 768w, https:\/\/www.apololaser.com\/wp-content\/uploads\/2023\/02\/HS-910_4-600x600.jpg 600w, https:\/\/www.apololaser.com\/wp-content\/uploads\/2023\/02\/HS-910_4-100x100.jpg 100w\" sizes=\"(max-width: 800px) 100vw, 800px\" title=\"HS-910\u63d2\u56fe2\" alt=\"HS-910\u63d2\u56fe2\" \/><\/p>\n<p><strong><b>Specifications of Multi function platform laser device HS-910<\/b><\/strong><\/p>\n<p>&nbsp;<\/p>\n<table>\n<tbody>\n<tr>\n<td><strong><b>Handpiece<\/b><\/strong><\/td>\n<td>2940nm Er:YAG fractional ablative laser<\/td>\n<\/tr>\n<tr>\n<td><strong><b>Spot Size<\/b><\/strong><\/td>\n<td>10x10mm<br \/>\n\u00f86mm,\u00f89mm,\u00f81-3.5mm<br \/>\n7\u00d77 pixel:8~52mJ\/MTZ<\/td>\n<\/tr>\n<tr>\n<td><strong><b>Repetition Rate<\/b><\/strong><\/td>\n<td>1-7Hz<\/td>\n<\/tr>\n<tr>\n<td><strong><b>Pulse Width<\/b><\/strong><\/td>\n<td>0.2~0.4ms,1~3ms<\/td>\n<\/tr>\n<tr>\n<td><strong><b>Energy<\/b><\/strong><\/td>\n<td>9\u00d79\u00a0pixel:5~27mJ\/MTZ<br \/>\nBeam expander:400~2600mJ<br \/>\nZoom lens:400~2600mJ<\/td>\n<\/tr>\n<tr>\n<td><strong><b>Handpiece<\/b><\/strong><\/td>\n<td>1540nm Er:Glass fractional laser<\/td>\n<\/tr>\n<tr>\n<td><strong><b>Energy<\/b><\/strong><\/td>\n<td>10\u00d710\u00a0pixel:25~70mJ\/MTZ<br \/>\n18\u00d718\u00a0pixel:6~24mJ\/MTZ<\/td>\n<\/tr>\n<tr>\n<td><strong><b>Pulse Width<\/b><\/strong><\/td>\n<td>10ms,15ms<\/td>\n<\/tr>\n<tr>\n<td><strong><b>Handpiece<\/b><\/strong><\/td>\n<td>1064nm Long Pluse Nd:YAG Laser<\/td>\n<\/tr>\n<tr>\n<td><strong><b>Pulse Width<\/b><\/strong><\/td>\n<td>10~40ms<\/td>\n<\/tr>\n<tr>\n<td><strong><b>Repetition Rate<\/b><\/strong><\/td>\n<td>1Hz<\/td>\n<\/tr>\n<tr>\n<td><strong><b>Delay time<\/b><\/strong><\/td>\n<td>5~50ms<\/td>\n<\/tr>\n<tr>\n<td><strong><b>Energy density<\/b><\/strong><\/td>\n<td>\u00f89mm\u00a0 \u00a0 \u00a0 \u00a0 \u00a010~100J\/cm<sup>2<\/sup><br \/>\n\u00f86mm\u00a0 \u00a0 \u00a0 \u00a0 \u00a060~240J\/cm<sup>2<\/sup><br \/>\n2.2*5mm\u00a0 \u00a0 \u00a0150~500J\/cm<sup>2<\/sup><\/td>\n<\/tr>\n<tr>\n<td><strong><b>Handpiece<\/b><\/strong><\/td>\n<td>1064\/532nm Q-Switch\u00a0Nd:YAG Laser<\/td>\n<\/tr>\n<tr>\n<td><strong><b>Spot Size<\/b><\/strong><\/td>\n<td>1-5mm<\/td>\n<\/tr>\n<tr>\n<td><strong><b>Pulse Width<\/b><\/strong><\/td>\n<td>&lt;10ns\u00a0(single pluse)<\/td>\n<\/tr>\n<tr>\n<td><strong><b>Repetition Rate<\/b><\/strong><\/td>\n<td>1-10Hz<\/td>\n<\/tr>\n<tr>\n<td><strong><b>Max.Energy<\/b><\/strong><\/td>\n<td>2400mJ(\u00f87),4700mJ(\u00f86+\u00f87)<\/td>\n<\/tr>\n<tr>\n<td><strong><b>Energy<\/b><\/strong><\/td>\n<td>9\u00d79\u00a0pixel:5~27mJ\/MTZ<br \/>\nBeam expander:400~2600mJ<br \/>\nZoom lens:400~2600mJ<\/td>\n<\/tr>\n<tr>\n<td><strong><b>Handpiece<\/b><\/strong><\/td>\n<td>IPL\/EPL<\/td>\n<\/tr>\n<tr>\n<td><strong><b>Spot Size<\/b><\/strong><\/td>\n<td>15*50mm<\/td>\n<\/tr>\n<tr>\n<td><strong><b>Wavelength\u00a0<\/b><\/strong><\/td>\n<td>420~1200nm<\/td>\n<\/tr>\n<tr>\n<td><strong><b>Filter<\/b><\/strong><\/td>\n<td>420\/510\/560\/610\/640~1200nm,690~950nm,SHR<\/td>\n<\/tr>\n<tr>\n<td><strong><b>IPL\/EPL\u00a0<\/b><\/strong><strong><b>Energy<\/b><\/strong><\/td>\n<td>1~30J\/cm<sup>2\u00a0<\/sup>(10~60 level)<\/td>\n<\/tr>\n<tr>\n<td><strong><b>Handpiece<\/b><\/strong><\/td>\n<td>Diode laser<\/td>\n<\/tr>\n<tr>\n<td><strong><b>wavelength<\/b><\/strong><\/td>\n<td>810nm<\/td>\n<\/tr>\n<tr>\n<td><strong><b>Laser output<\/b><\/strong><\/td>\n<td>800W\/1200W<\/td>\n<\/tr>\n<tr>\n<td>Spot size<\/td>\n<td>12*18nm\/12*30nm<\/td>\n<\/tr>\n<tr>\n<td><b>Energy density<\/b><\/td>\n<td>1-64J\/CM2<\/td>\n<\/tr>\n<tr>\n<td><strong><b>Repetition rate<\/b><\/strong><\/td>\n<td>1-10HZ<\/td>\n<\/tr>\n<tr>\n<td>Pluse width<\/td>\n<td>10-300ms<\/td>\n<\/tr>\n<tr>\n<td>Sapphire cooling<\/td>\n<td>-4~4\u2103<\/td>\n<\/tr>\n<\/tbody>\n<\/table>\n<p>&nbsp;<\/p>\n","protected":false},"excerpt":{"rendered":"<p><strong><b>The multifunction beauty machine can support 6 different handpieces:<\/b><\/strong><\/p>\n<ol>\n<li>IPL: Permanent Hair Removal, Photorejuvenation, Remove Vascular, Pigment and Acne;<\/li>\n<li>EPL: Combination IPL and bipolar RF;<\/li>\n<li>RF monopolar: Skin Tightening, Weight lossing, Sculpture, Pore Cantracting;<\/li>\n<li>RF bipolar: Skin Tightening, Sculpture, Wrinkle Removal, Pore Shrink<\/li>\n<li>Q-Switched Nd:Yag laser: Tattoo and pigment removal;<\/li>\n<li>1064nm Long pulse Nd:Yag laser: Permanent Hair Removal for all skin types, Dispel Leg Veins and Vascular lesion;<\/li>\n<li>1540nm Fractional Er:Glass laser: Non-ablative Skin resurfacing, Remove deep winkles and scars;<\/li>\n<li>2940nm Er:Yag laser: Wart and Nevus removal, Skin Resurfacing, Wrinkles and Fine lines.<\/li>\n<\/ol>\n","protected":false},"featured_media":4461,"template":"","meta":{"_acf_changed":false},"product_brand":[],"product_cat":[77],"product_tag":[],"class_list":{"0":"post-4460","1":"product","2":"type-product","3":"status-publish","4":"has-post-thumbnail","6":"product_cat-multi-function-platform-laser-device","8":"first","9":"instock","10":"shipping-taxable","11":"product-type-simple"},"acf":[],"yoast_head":"<!-- This site is optimized with the Yoast SEO plugin v22.2 - https:\/\/yoast.com\/wordpress\/plugins\/seo\/ -->\n<title>HS-910 - Apolomed<\/title>\n<meta name=\"robots\" content=\"index, follow, max-snippet:-1, max-image-preview:large, max-video-preview:-1\" \/>\n<link rel=\"canonical\" href=\"https:\/\/www.apololaser.com\/index.php\/product\/hs-910-1\/\" \/>\n<meta property=\"og:locale\" content=\"en_US\" \/>\n<meta property=\"og:type\" content=\"article\" \/>\n<meta property=\"og:title\" content=\"HS-910 - Apolomed\" \/>\n<meta property=\"og:description\" content=\"The multifunction beauty machine can support 6 different handpieces:   IPL: Permanent Hair Removal, Photorejuvenation, Remove Vascular, Pigment and Acne;  EPL: Combination IPL and bipolar RF;  RF monopolar: Skin Tightening, Weight lossing, Sculpture, Pore Cantracting;  RF bipolar: Skin Tightening, Sculpture, Wrinkle Removal, Pore Shrink  Q-Switched Nd:Yag laser: Tattoo and pigment removal;  1064nm Long pulse Nd:Yag laser: Permanent Hair Removal for all skin types, Dispel Leg Veins and Vascular lesion;  1540nm Fractional Er:Glass laser: Non-ablative Skin resurfacing, Remove deep winkles and scars;  2940nm Er:Yag laser: Wart and Nevus removal, Skin Resurfacing, Wrinkles and Fine lines.\" \/>\n<meta property=\"og:url\" content=\"https:\/\/www.apololaser.com\/index.php\/product\/hs-910-1\/\" \/>\n<meta property=\"og:site_name\" content=\"Apolomed\" \/>\n<meta property=\"article:publisher\" content=\"https:\/\/www.facebook.com\/apolomed21\" \/>\n<meta property=\"article:modified_time\" content=\"2024-03-07T08:42:51+00:00\" \/>\n<meta property=\"og:image\" content=\"https:\/\/www.apololaser.com\/wp-content\/uploads\/2023\/02\/HS-910_1.jpg\" \/>\n\t<meta property=\"og:image:width\" content=\"800\" \/>\n\t<meta property=\"og:image:height\" content=\"800\" \/>\n\t<meta property=\"og:image:type\" content=\"image\/jpeg\" \/>\n<meta name=\"twitter:card\" content=\"summary_large_image\" \/>\n<meta name=\"twitter:site\" content=\"@apolomed21\" \/>\n<meta name=\"twitter:label1\" content=\"Est. reading time\" \/>\n\t<meta name=\"twitter:data1\" content=\"3 minutes\" \/>\n<script type=\"application\/ld+json\" class=\"yoast-schema-graph\">{\"@context\":\"https:\/\/schema.org\",\"@graph\":[{\"@type\":\"WebPage\",\"@id\":\"https:\/\/www.apololaser.com\/index.php\/product\/hs-910-1\/\",\"url\":\"https:\/\/www.apololaser.com\/index.php\/product\/hs-910-1\/\",\"name\":\"HS-910 - Apolomed\",\"isPartOf\":{\"@id\":\"https:\/\/www.apololaser.com\/#website\"},\"primaryImageOfPage\":{\"@id\":\"https:\/\/www.apololaser.com\/index.php\/product\/hs-910-1\/#primaryimage\"},\"image\":{\"@id\":\"https:\/\/www.apololaser.com\/index.php\/product\/hs-910-1\/#primaryimage\"},\"thumbnailUrl\":\"https:\/\/www.apololaser.com\/wp-content\/uploads\/2023\/02\/HS-910_1.jpg\",\"datePublished\":\"2023-02-11T09:04:00+00:00\",\"dateModified\":\"2024-03-07T08:42:51+00:00\",\"breadcrumb\":{\"@id\":\"https:\/\/www.apololaser.com\/index.php\/product\/hs-910-1\/#breadcrumb\"},\"inLanguage\":\"en-US\",\"potentialAction\":[{\"@type\":\"ReadAction\",\"target\":[\"https:\/\/www.apololaser.com\/index.php\/product\/hs-910-1\/\"]}]},{\"@type\":\"ImageObject\",\"inLanguage\":\"en-US\",\"@id\":\"https:\/\/www.apololaser.com\/index.php\/product\/hs-910-1\/#primaryimage\",\"url\":\"https:\/\/www.apololaser.com\/wp-content\/uploads\/2023\/02\/HS-910_1.jpg\",\"contentUrl\":\"https:\/\/www.apololaser.com\/wp-content\/uploads\/2023\/02\/HS-910_1.jpg\",\"width\":800,\"height\":800},{\"@type\":\"BreadcrumbList\",\"@id\":\"https:\/\/www.apololaser.com\/index.php\/product\/hs-910-1\/#breadcrumb\",\"itemListElement\":[{\"@type\":\"ListItem\",\"position\":1,\"name\":\"\u9996\u9875\",\"item\":\"https:\/\/www.apololaser.com\/\"},{\"@type\":\"ListItem\",\"position\":2,\"name\":\"Products\",\"item\":\"https:\/\/www.apololaser.com\/index.php\/products\/\"},{\"@type\":\"ListItem\",\"position\":3,\"name\":\"HS-910\"}]},{\"@type\":\"WebSite\",\"@id\":\"https:\/\/www.apololaser.com\/#website\",\"url\":\"https:\/\/www.apololaser.com\/\",\"name\":\"Apolomed\",\"description\":\"\",\"publisher\":{\"@id\":\"https:\/\/www.apololaser.com\/#organization\"},\"potentialAction\":[{\"@type\":\"SearchAction\",\"target\":{\"@type\":\"EntryPoint\",\"urlTemplate\":\"https:\/\/www.apololaser.com\/?s={search_term_string}\"},\"query-input\":\"required name=search_term_string\"}],\"inLanguage\":\"en-US\"},{\"@type\":\"Organization\",\"@id\":\"https:\/\/www.apololaser.com\/#organization\",\"name\":\"Apolomed\",\"url\":\"https:\/\/www.apololaser.com\/\",\"logo\":{\"@type\":\"ImageObject\",\"inLanguage\":\"en-US\",\"@id\":\"https:\/\/www.apololaser.com\/#\/schema\/logo\/image\/\",\"url\":\"https:\/\/www.apololaser.com\/wp-content\/uploads\/2024\/03\/Apolo-logo-.png\",\"contentUrl\":\"https:\/\/www.apololaser.com\/wp-content\/uploads\/2024\/03\/Apolo-logo-.png\",\"width\":16775,\"height\":4064,\"caption\":\"Apolomed\"},\"image\":{\"@id\":\"https:\/\/www.apololaser.com\/#\/schema\/logo\/image\/\"},\"sameAs\":[\"https:\/\/www.facebook.com\/apolomed21\",\"https:\/\/twitter.com\/apolomed21\",\"https:\/\/www.instagram.com\/apolomed21\",\"https:\/\/www.youtube.com\/@shanghaiapolomedicaltechno1108\"]}]}<\/script>\n<!-- \/ Yoast SEO plugin. -->","yoast_head_json":{"title":"HS-910 - Apolomed","robots":{"index":"index","follow":"follow","max-snippet":"max-snippet:-1","max-image-preview":"max-image-preview:large","max-video-preview":"max-video-preview:-1"},"canonical":"https:\/\/www.apololaser.com\/index.php\/product\/hs-910-1\/","og_locale":"en_US","og_type":"article","og_title":"HS-910 - Apolomed","og_description":"The multifunction beauty machine can support 6 different handpieces:   IPL: Permanent Hair Removal, Photorejuvenation, Remove Vascular, Pigment and Acne;  EPL: Combination IPL and bipolar RF;  RF monopolar: Skin Tightening, Weight lossing, Sculpture, Pore Cantracting;  RF bipolar: Skin Tightening, Sculpture, Wrinkle Removal, Pore Shrink  Q-Switched Nd:Yag laser: Tattoo and pigment removal;  1064nm Long pulse Nd:Yag laser: Permanent Hair Removal for all skin types, Dispel Leg Veins and Vascular lesion;  1540nm Fractional Er:Glass laser: Non-ablative Skin resurfacing, Remove deep winkles and scars;  2940nm Er:Yag laser: Wart and Nevus removal, Skin Resurfacing, Wrinkles and Fine lines.","og_url":"https:\/\/www.apololaser.com\/index.php\/product\/hs-910-1\/","og_site_name":"Apolomed","article_publisher":"https:\/\/www.facebook.com\/apolomed21","article_modified_time":"2024-03-07T08:42:51+00:00","og_image":[{"width":800,"height":800,"url":"https:\/\/www.apololaser.com\/wp-content\/uploads\/2023\/02\/HS-910_1.jpg","type":"image\/jpeg"}],"twitter_card":"summary_large_image","twitter_site":"@apolomed21","twitter_misc":{"Est. reading time":"3 minutes"},"schema":{"@context":"https:\/\/schema.org","@graph":[{"@type":"WebPage","@id":"https:\/\/www.apololaser.com\/index.php\/product\/hs-910-1\/","url":"https:\/\/www.apololaser.com\/index.php\/product\/hs-910-1\/","name":"HS-910 - Apolomed","isPartOf":{"@id":"https:\/\/www.apololaser.com\/#website"},"primaryImageOfPage":{"@id":"https:\/\/www.apololaser.com\/index.php\/product\/hs-910-1\/#primaryimage"},"image":{"@id":"https:\/\/www.apololaser.com\/index.php\/product\/hs-910-1\/#primaryimage"},"thumbnailUrl":"https:\/\/www.apololaser.com\/wp-content\/uploads\/2023\/02\/HS-910_1.jpg","datePublished":"2023-02-11T09:04:00+00:00","dateModified":"2024-03-07T08:42:51+00:00","breadcrumb":{"@id":"https:\/\/www.apololaser.com\/index.php\/product\/hs-910-1\/#breadcrumb"},"inLanguage":"en-US","potentialAction":[{"@type":"ReadAction","target":["https:\/\/www.apololaser.com\/index.php\/product\/hs-910-1\/"]}]},{"@type":"ImageObject","inLanguage":"en-US","@id":"https:\/\/www.apololaser.com\/index.php\/product\/hs-910-1\/#primaryimage","url":"https:\/\/www.apololaser.com\/wp-content\/uploads\/2023\/02\/HS-910_1.jpg","contentUrl":"https:\/\/www.apololaser.com\/wp-content\/uploads\/2023\/02\/HS-910_1.jpg","width":800,"height":800},{"@type":"BreadcrumbList","@id":"https:\/\/www.apololaser.com\/index.php\/product\/hs-910-1\/#breadcrumb","itemListElement":[{"@type":"ListItem","position":1,"name":"\u9996\u9875","item":"https:\/\/www.apololaser.com\/"},{"@type":"ListItem","position":2,"name":"Products","item":"https:\/\/www.apololaser.com\/index.php\/products\/"},{"@type":"ListItem","position":3,"name":"HS-910"}]},{"@type":"WebSite","@id":"https:\/\/www.apololaser.com\/#website","url":"https:\/\/www.apololaser.com\/","name":"Apolomed","description":"","publisher":{"@id":"https:\/\/www.apololaser.com\/#organization"},"potentialAction":[{"@type":"SearchAction","target":{"@type":"EntryPoint","urlTemplate":"https:\/\/www.apololaser.com\/?s={search_term_string}"},"query-input":"required name=search_term_string"}],"inLanguage":"en-US"},{"@type":"Organization","@id":"https:\/\/www.apololaser.com\/#organization","name":"Apolomed","url":"https:\/\/www.apololaser.com\/","logo":{"@type":"ImageObject","inLanguage":"en-US","@id":"https:\/\/www.apololaser.com\/#\/schema\/logo\/image\/","url":"https:\/\/www.apololaser.com\/wp-content\/uploads\/2024\/03\/Apolo-logo-.png","contentUrl":"https:\/\/www.apololaser.com\/wp-content\/uploads\/2024\/03\/Apolo-logo-.png","width":16775,"height":4064,"caption":"Apolomed"},"image":{"@id":"https:\/\/www.apololaser.com\/#\/schema\/logo\/image\/"},"sameAs":["https:\/\/www.facebook.com\/apolomed21","https:\/\/twitter.com\/apolomed21","https:\/\/www.instagram.com\/apolomed21","https:\/\/www.youtube.com\/@shanghaiapolomedicaltechno1108"]}]}},"_links":{"self":[{"href":"https:\/\/www.apololaser.com\/index.php\/wp-json\/wp\/v2\/product\/4460","targetHints":{"allow":["GET"]}}],"collection":[{"href":"https:\/\/www.apololaser.com\/index.php\/wp-json\/wp\/v2\/product"}],"about":[{"href":"https:\/\/www.apololaser.com\/index.php\/wp-json\/wp\/v2\/types\/product"}],"wp:featuredmedia":[{"embeddable":true,"href":"https:\/\/www.apololaser.com\/index.php\/wp-json\/wp\/v2\/media\/4461"}],"wp:attachment":[{"href":"https:\/\/www.apololaser.com\/index.php\/wp-json\/wp\/v2\/media?parent=4460"}],"wp:term":[{"taxonomy":"product_brand","embeddable":true,"href":"https:\/\/www.apololaser.com\/index.php\/wp-json\/wp\/v2\/product_brand?post=4460"},{"taxonomy":"product_cat","embeddable":true,"href":"https:\/\/www.apololaser.com\/index.php\/wp-json\/wp\/v2\/product_cat?post=4460"},{"taxonomy":"product_tag","embeddable":true,"href":"https:\/\/www.apololaser.com\/index.php\/wp-json\/wp\/v2\/product_tag?post=4460"}],"curies":[{"name":"wp","href":"https:\/\/api.w.org\/{rel}","templated":true}]}}